{"id":1086,"date":"2020-09-04T12:20:19","date_gmt":"2020-09-04T10:20:19","guid":{"rendered":"https:\/\/kulmasalonki.fi\/?page_id=1086"},"modified":"2022-12-17T11:39:49","modified_gmt":"2022-12-17T09:39:49","slug":"lahjakortit","status":"publish","type":"page","link":"https:\/\/kulmasalonki.fi\/en\/lahjakortit\/","title":{"rendered":"Gift Cards"},"content":{"rendered":"<div data-elementor-type=\"wp-page\" data-elementor-id=\"1086\" class=\"elementor elementor-1086\">\n\t\t\t\t\t\t<section class=\"elementor-section elementor-top-section elementor-element elementor-element-39e3b96b elementor-section-boxed elementor-section-height-default elementor-section-height-default\" data-id=\"39e3b96b\" data-element_type=\"section\">\n\t\t\t\t\t\t<div class=\"elementor-container elementor-column-gap-default\">\n\t\t\t\t\t<div class=\"elementor-column elementor-col-100 elementor-top-column elementor-element elementor-element-78d1f9a4\" data-id=\"78d1f9a4\" data-element_type=\"column\">\n\t\t\t<div class=\"elementor-widget-wrap elementor-element-populated\">\n\t\t\t\t\t\t<div class=\"elementor-element elementor-element-02f9852 elementor-hidden-desktop elementor-widget elementor-widget-spacer\" data-id=\"02f9852\" data-element_type=\"widget\" data-widget_type=\"spacer.default\">\n\t\t\t\t<div class=\"elementor-widget-container\">\n\t\t\t\t\t\t\t<div class=\"elementor-spacer\">\n\t\t\t<div class=\"elementor-spacer-inner\"><\/div>\n\t\t<\/div>\n\t\t\t\t\t\t<\/div>\n\t\t\t\t<\/div>\n\t\t\t\t<div class=\"elementor-element elementor-element-f75ab42 elementor-widget elementor-widget-heading\" data-id=\"f75ab42\" data-element_type=\"widget\" data-widget_type=\"heading.default\">\n\t\t\t\t<div class=\"elementor-widget-container\">\n\t\t\t\t\t<h1 class=\"elementor-heading-title elementor-size-default\">Gift cards<\/h1>\t\t\t\t<\/div>\n\t\t\t\t<\/div>\n\t\t\t\t<div class=\"elementor-element elementor-element-7a65310 elementor-widget elementor-widget-text-editor\" data-id=\"7a65310\" data-element_type=\"widget\" data-widget_type=\"text-editor.default\">\n\t\t\t\t<div class=\"elementor-widget-container\">\n\t\t\t\t\t\t\t\t\t<p>The best way to remember your loved ones is to give a gift card to the Little Corner Salon! A gift card can be written for either a specific treatment or for some amount. The gift card can also be used for product purchases.<\/p><p><strong>You can buy a gift card directly from our website electronically or from the Small Corner Salon. You can order an electronic gift card from the online store below and you will receive a printable gift card which you can give as a gift.<\/strong><\/p><p>Noutaessasi lahjakortin Pienelt\u00e4 Kulmasalongilta, varmistathan puhelimitse etuk\u00e4teen, ett\u00e4 olemme paikalla.<\/p><p><strong>HUOM.<\/strong> Lahjakortti on voimassa 6 kuukautta ostop\u00e4iv\u00e4st\u00e4.<\/p>\t\t\t\t\t\t\t\t<\/div>\n\t\t\t\t<\/div>\n\t\t\t\t\t<\/div>\n\t\t<\/div>\n\t\t\t\t\t<\/div>\n\t\t<\/section>\n\t\t\t\t<section class=\"elementor-section elementor-top-section elementor-element elementor-element-951fffc elementor-section-boxed elementor-section-height-default elementor-section-height-default\" data-id=\"951fffc\" data-element_type=\"section\">\n\t\t\t\t\t\t<div class=\"elementor-container elementor-column-gap-default\">\n\t\t\t\t\t<div class=\"elementor-column elementor-col-50 elementor-top-column elementor-element elementor-element-3848513\" data-id=\"3848513\" data-element_type=\"column\">\n\t\t\t<div class=\"elementor-widget-wrap elementor-element-populated\">\n\t\t\t\t\t\t<div class=\"elementor-element elementor-element-c71422b elementor-widget elementor-widget-html\" data-id=\"c71422b\" data-element_type=\"widget\" data-widget_type=\"html.default\">\n\t\t\t\t<div class=\"elementor-widget-container\">\n\t\t\t\t\t<iframe style=\"height:360px\" src=\"https:\/\/holvi.com\/shop\/pienikulmasalonki\/product\/a357dd61864a6ae439a0be5fe3e3f212\/embedded\/\" frameborder=\"0\"><\/iframe>\t\t\t\t<\/div>\n\t\t\t\t<\/div>\n\t\t\t\t\t<\/div>\n\t\t<\/div>\n\t\t\t\t<div class=\"elementor-column elementor-col-50 elementor-top-column elementor-element elementor-element-3439d19\" data-id=\"3439d19\" data-element_type=\"column\">\n\t\t\t<div class=\"elementor-widget-wrap elementor-element-populated\">\n\t\t\t\t\t\t<div class=\"elementor-element elementor-element-68aa991 elementor-widget elementor-widget-html\" data-id=\"68aa991\" data-element_type=\"widget\" data-widget_type=\"html.default\">\n\t\t\t\t<div class=\"elementor-widget-container\">\n\t\t\t\t\t<iframe style=\"height:360px\" src=\"https:\/\/holvi.com\/shop\/pienikulmasalonki\/product\/6d6db26540d2d49c4701bbf10752b7c3\/embedded\/\" frameborder=\"0\"><\/iframe>\t\t\t\t<\/div>\n\t\t\t\t<\/div>\n\t\t\t\t\t<\/div>\n\t\t<\/div>\n\t\t\t\t\t<\/div>\n\t\t<\/section>\n\t\t\t\t<section class=\"elementor-section elementor-top-section elementor-element elementor-element-229bdad elementor-section-boxed elementor-section-height-default elementor-section-height-default\" data-id=\"229bdad\" data-element_type=\"section\">\n\t\t\t\t\t\t<div class=\"elementor-container elementor-column-gap-default\">\n\t\t\t\t\t<div class=\"elementor-column elementor-col-50 elementor-top-column elementor-element elementor-element-3e3f8f5\" data-id=\"3e3f8f5\" data-element_type=\"column\">\n\t\t\t<div class=\"elementor-widget-wrap elementor-element-populated\">\n\t\t\t\t\t\t<div class=\"elementor-element elementor-element-b583aa8 elementor-widget elementor-widget-html\" data-id=\"b583aa8\" data-element_type=\"widget\" data-widget_type=\"html.default\">\n\t\t\t\t<div class=\"elementor-widget-container\">\n\t\t\t\t\t<iframe style=\"height:360px\" src=\"https:\/\/holvi.com\/shop\/pienikulmasalonki\/product\/312bc470a6f588645631849276090e2f\/embedded\/\" frameborder=\"0\"><\/iframe>\t\t\t\t<\/div>\n\t\t\t\t<\/div>\n\t\t\t\t\t<\/div>\n\t\t<\/div>\n\t\t\t\t<div class=\"elementor-column elementor-col-50 elementor-top-column elementor-element elementor-element-dca266c\" data-id=\"dca266c\" data-element_type=\"column\">\n\t\t\t<div class=\"elementor-widget-wrap elementor-element-populated\">\n\t\t\t\t\t\t<div class=\"elementor-element elementor-element-f89a971 elementor-widget elementor-widget-html\" data-id=\"f89a971\" data-element_type=\"widget\" data-widget_type=\"html.default\">\n\t\t\t\t<div class=\"elementor-widget-container\">\n\t\t\t\t\t<iframe style=\"height:360px\" src=\"https:\/\/holvi.com\/shop\/pienikulmasalonki\/product\/80509206d91f16ef7ac6a11a40cc6553\/embedded\/\" frameborder=\"0\"><\/iframe>\t\t\t\t<\/div>\n\t\t\t\t<\/div>\n\t\t\t\t\t<\/div>\n\t\t<\/div>\n\t\t\t\t\t<\/div>\n\t\t<\/section>\n\t\t\t\t<section class=\"elementor-section elementor-top-section elementor-element elementor-element-e8b28c6 elementor-section-boxed elementor-section-height-default elementor-section-height-default\" data-id=\"e8b28c6\" data-element_type=\"section\">\n\t\t\t\t\t\t<div class=\"elementor-container elementor-column-gap-default\">\n\t\t\t\t\t<div class=\"elementor-column elementor-col-50 elementor-top-column elementor-element elementor-element-0d9c805\" data-id=\"0d9c805\" data-element_type=\"column\">\n\t\t\t<div class=\"elementor-widget-wrap elementor-element-populated\">\n\t\t\t\t\t\t<div class=\"elementor-element elementor-element-97402c8 elementor-widget elementor-widget-html\" data-id=\"97402c8\" data-element_type=\"widget\" data-widget_type=\"html.default\">\n\t\t\t\t<div class=\"elementor-widget-container\">\n\t\t\t\t\t<iframe style=\"height:360px\" src=\"https:\/\/holvi.com\/shop\/pienikulmasalonki\/product\/ac4fbab6d2d1053fe7a53b682ec2590f\/embedded\/\" frameborder=\"0\"><\/iframe>\t\t\t\t<\/div>\n\t\t\t\t<\/div>\n\t\t\t\t\t<\/div>\n\t\t<\/div>\n\t\t\t\t<div class=\"elementor-column elementor-col-50 elementor-top-column elementor-element elementor-element-7083391\" data-id=\"7083391\" data-element_type=\"column\">\n\t\t\t<div class=\"elementor-widget-wrap elementor-element-populated\">\n\t\t\t\t\t\t<div class=\"elementor-element elementor-element-93262c2 elementor-widget elementor-widget-html\" data-id=\"93262c2\" data-element_type=\"widget\" data-widget_type=\"html.default\">\n\t\t\t\t<div class=\"elementor-widget-container\">\n\t\t\t\t\t<iframe style=\"height:360px\" src=\"https:\/\/holvi.com\/shop\/pienikulmasalonki\/product\/02d056fcc77e76bc5c7648c10a01f41f\/embedded\/\" frameborder=\"0\"><\/iframe>\t\t\t\t<\/div>\n\t\t\t\t<\/div>\n\t\t\t\t\t<\/div>\n\t\t<\/div>\n\t\t\t\t\t<\/div>\n\t\t<\/section>\n\t\t\t\t<section class=\"elementor-section elementor-top-section elementor-element elementor-element-019dfec elementor-section-boxed elementor-section-height-default elementor-section-height-default\" data-id=\"019dfec\" data-element_type=\"section\">\n\t\t\t\t\t\t<div class=\"elementor-container elementor-column-gap-default\">\n\t\t\t\t\t<div class=\"elementor-column elementor-col-50 elementor-top-column elementor-element elementor-element-9911091\" data-id=\"9911091\" data-element_type=\"column\">\n\t\t\t<div class=\"elementor-widget-wrap elementor-element-populated\">\n\t\t\t\t\t\t<div class=\"elementor-element elementor-element-944e6ed elementor-widget elementor-widget-html\" data-id=\"944e6ed\" data-element_type=\"widget\" data-widget_type=\"html.default\">\n\t\t\t\t<div class=\"elementor-widget-container\">\n\t\t\t\t\t<iframe style=\"height:360px\" src=\"https:\/\/holvi.com\/shop\/pienikulmasalonki\/product\/0b36ed45e361432be900d6909f5d5020\/embedded\/\" frameborder=\"0\"><\/iframe>\t\t\t\t<\/div>\n\t\t\t\t<\/div>\n\t\t\t\t\t<\/div>\n\t\t<\/div>\n\t\t\t\t<div class=\"elementor-column elementor-col-50 elementor-top-column elementor-element elementor-element-ab164ea\" data-id=\"ab164ea\" data-element_type=\"column\">\n\t\t\t<div class=\"elementor-widget-wrap elementor-element-populated\">\n\t\t\t\t\t\t<div class=\"elementor-element elementor-element-dcc7426 elementor-widget elementor-widget-html\" data-id=\"dcc7426\" data-element_type=\"widget\" data-widget_type=\"html.default\">\n\t\t\t\t<div class=\"elementor-widget-container\">\n\t\t\t\t\t<iframe style=\"height:360px\" src=\"https:\/\/holvi.com\/shop\/pienikulmasalonki\/product\/4aac455a639e1b56d15c8a133e02293e\/embedded\/\" frameborder=\"0\"><\/iframe>\t\t\t\t<\/div>\n\t\t\t\t<\/div>\n\t\t\t\t\t<\/div>\n\t\t<\/div>\n\t\t\t\t\t<\/div>\n\t\t<\/section>\n\t\t\t\t<\/div>","protected":false},"excerpt":{"rendered":"<p>Lahjakortit Paras tapa muistaa l\u00e4heist\u00e4si, on antaa lahjakortti Pieneen Kulmasalonkiin! Lahjakortti voidaan kirjoittaa joko tiettyyn hoitoon tai summalle. Lahjakortin voi k\u00e4ytt\u00e4\u00e4 my\u00f6s tuoteostoihin. Voit ostaa lahjakortin suoraan nettisivuiltamme s\u00e4hk\u00f6isesti tai paikan p\u00e4\u00e4ll\u00e4 Pieness\u00e4 Kulmasalongissa. S\u00e4hk\u00f6isen lahjakortin voit tilata alla olevasta verkkokaupasta ja mukana saat tulostettavan lahjakortin, jonka voit antaa lahjaksi. Noutaessasi lahjakortin Pienelt\u00e4 Kulmasalongilta, varmistathan [&hellip;]<\/p>\n","protected":false},"author":1,"featured_media":0,"parent":0,"menu_order":0,"comment_status":"closed","ping_status":"closed","template":"","meta":{"ocean_post_layout":"full-width","ocean_both_sidebars_style":"","ocean_both_sidebars_content_width":0,"ocean_both_sidebars_sidebars_width":0,"ocean_sidebar":"0","ocean_second_sidebar":"0","ocean_disable_margins":"enable","ocean_add_body_class":"","ocean_shortcode_before_top_bar":"","ocean_shortcode_after_top_bar":"","ocean_shortcode_before_header":"","ocean_shortcode_after_header":"","ocean_has_shortcode":"","ocean_shortcode_after_title":"","ocean_shortcode_before_footer_widgets":"","ocean_shortcode_after_footer_widgets":"","ocean_shortcode_before_footer_bottom":"","ocean_shortcode_after_footer_bottom":"","ocean_display_top_bar":"default","ocean_display_header":"default","ocean_header_style":"","ocean_center_header_left_menu":"0","ocean_custom_header_template":"0","ocean_custom_logo":0,"ocean_custom_retina_logo":0,"ocean_custom_logo_max_width":0,"ocean_custom_logo_tablet_max_width":0,"ocean_custom_logo_mobile_max_width":0,"ocean_custom_logo_max_height":0,"ocean_custom_logo_tablet_max_height":0,"ocean_custom_logo_mobile_max_height":0,"ocean_header_custom_menu":"11","ocean_menu_typo_font_family":"0","ocean_menu_typo_font_subset":"","ocean_menu_typo_font_size":0,"ocean_menu_typo_font_size_tablet":0,"ocean_menu_typo_font_size_mobile":0,"ocean_menu_typo_font_size_unit":"px","ocean_menu_typo_font_weight":"","ocean_menu_typo_font_weight_tablet":"","ocean_menu_typo_font_weight_mobile":"","ocean_menu_typo_transform":"","ocean_menu_typo_transform_tablet":"","ocean_menu_typo_transform_mobile":"","ocean_menu_typo_line_height":0,"ocean_menu_typo_line_height_tablet":0,"ocean_menu_typo_line_height_mobile":0,"ocean_menu_typo_line_height_unit":"","ocean_menu_typo_spacing":0,"ocean_menu_typo_spacing_tablet":0,"ocean_menu_typo_spacing_mobile":0,"ocean_menu_typo_spacing_unit":"","ocean_menu_link_color":"#000000","ocean_menu_link_color_hover":"","ocean_menu_link_color_active":"","ocean_menu_link_background":"","ocean_menu_link_hover_background":"","ocean_menu_link_active_background":"","ocean_menu_social_links_bg":"","ocean_menu_social_hover_links_bg":"","ocean_menu_social_links_color":"","ocean_menu_social_hover_links_color":"","ocean_disable_title":"on","ocean_disable_heading":"default","ocean_post_title":"","ocean_post_subheading":"","ocean_post_title_style":"","ocean_post_title_background_color":"","ocean_post_title_background":0,"ocean_post_title_bg_image_position":"","ocean_post_title_bg_image_attachment":"","ocean_post_title_bg_image_repeat":"","ocean_post_title_bg_image_size":"","ocean_post_title_height":0,"ocean_post_title_bg_overlay":0.5,"ocean_post_title_bg_overlay_color":"","ocean_disable_breadcrumbs":"default","ocean_breadcrumbs_color":"","ocean_breadcrumbs_separator_color":"","ocean_breadcrumbs_links_color":"","ocean_breadcrumbs_links_hover_color":"","ocean_display_footer_widgets":"default","ocean_display_footer_bottom":"default","ocean_custom_footer_template":"0","footnotes":""},"yoast_head":"<!-- This site is optimized with the Yoast SEO plugin v24.5 - https:\/\/yoast.com\/wordpress\/plugins\/seo\/ -->\n<title>LAHJAKORTIT - Pieni Kulmasalonki<\/title>\n<meta name=\"robots\" content=\"index, follow, max-snippet:-1, max-image-preview:large, max-video-preview:-1\" \/>\n<link rel=\"canonical\" href=\"https:\/\/kulmasalonki.fi\/en\/lahjakortit\/\" \/>\n<meta property=\"og:locale\" content=\"en_GB\" \/>\n<meta property=\"og:type\" content=\"article\" \/>\n<meta property=\"og:title\" content=\"LAHJAKORTIT - Pieni Kulmasalonki\" \/>\n<meta property=\"og:description\" content=\"Lahjakortit Paras tapa muistaa l\u00e4heist\u00e4si, on antaa lahjakortti Pieneen Kulmasalonkiin! Lahjakortti voidaan kirjoittaa joko tiettyyn hoitoon tai summalle. Lahjakortin voi k\u00e4ytt\u00e4\u00e4 my\u00f6s tuoteostoihin. Voit ostaa lahjakortin suoraan nettisivuiltamme s\u00e4hk\u00f6isesti tai paikan p\u00e4\u00e4ll\u00e4 Pieness\u00e4 Kulmasalongissa. S\u00e4hk\u00f6isen lahjakortin voit tilata alla olevasta verkkokaupasta ja mukana saat tulostettavan lahjakortin, jonka voit antaa lahjaksi. Noutaessasi lahjakortin Pienelt\u00e4 Kulmasalongilta, varmistathan [&hellip;]\" \/>\n<meta property=\"og:url\" content=\"https:\/\/kulmasalonki.fi\/en\/lahjakortit\/\" \/>\n<meta property=\"og:site_name\" content=\"Pieni Kulmasalonki\" \/>\n<meta property=\"article:publisher\" content=\"https:\/\/www.facebook.com\/PieniKulmasalonki\" \/>\n<meta property=\"article:modified_time\" content=\"2022-12-17T09:39:49+00:00\" \/>\n<meta name=\"twitter:card\" content=\"summary_large_image\" \/>\n<meta name=\"twitter:label1\" content=\"Estimated reading time\" \/>\n\t<meta name=\"twitter:data1\" content=\"1 minute\" \/>\n<script type=\"application\/ld+json\" class=\"yoast-schema-graph\">{\"@context\":\"https:\/\/schema.org\",\"@graph\":[{\"@type\":\"WebPage\",\"@id\":\"https:\/\/kulmasalonki.fi\/lahjakortit\/\",\"url\":\"https:\/\/kulmasalonki.fi\/lahjakortit\/\",\"name\":\"LAHJAKORTIT - Pieni Kulmasalonki\",\"isPartOf\":{\"@id\":\"https:\/\/kulmasalonki.fi\/#website\"},\"datePublished\":\"2020-09-04T10:20:19+00:00\",\"dateModified\":\"2022-12-17T09:39:49+00:00\",\"breadcrumb\":{\"@id\":\"https:\/\/kulmasalonki.fi\/lahjakortit\/#breadcrumb\"},\"inLanguage\":\"en-GB\",\"potentialAction\":[{\"@type\":\"ReadAction\",\"target\":[\"https:\/\/kulmasalonki.fi\/lahjakortit\/\"]}]},{\"@type\":\"BreadcrumbList\",\"@id\":\"https:\/\/kulmasalonki.fi\/lahjakortit\/#breadcrumb\",\"itemListElement\":[{\"@type\":\"ListItem\",\"position\":1,\"name\":\"Home\",\"item\":\"https:\/\/kulmasalonki.fi\/\"},{\"@type\":\"ListItem\",\"position\":2,\"name\":\"LAHJAKORTIT\"}]},{\"@type\":\"WebSite\",\"@id\":\"https:\/\/kulmasalonki.fi\/#website\",\"url\":\"https:\/\/kulmasalonki.fi\/\",\"name\":\"Pieni Kulmasalonki | Kaikki palvelut saman katon alta!\",\"description\":\"Kauneushoitola, Parturi-Kampaamo &amp; Hieroja &ndash; Espoon Lepp&auml;vaarassa\",\"publisher\":{\"@id\":\"https:\/\/kulmasalonki.fi\/#organization\"},\"potentialAction\":[{\"@type\":\"SearchAction\",\"target\":{\"@type\":\"EntryPoint\",\"urlTemplate\":\"https:\/\/kulmasalonki.fi\/?s={search_term_string}\"},\"query-input\":{\"@type\":\"PropertyValueSpecification\",\"valueRequired\":true,\"valueName\":\"search_term_string\"}}],\"inLanguage\":\"en-GB\"},{\"@type\":\"Organization\",\"@id\":\"https:\/\/kulmasalonki.fi\/#organization\",\"name\":\"Pieni Kulmasalonki\",\"url\":\"https:\/\/kulmasalonki.fi\/\",\"logo\":{\"@type\":\"ImageObject\",\"inLanguage\":\"en-GB\",\"@id\":\"https:\/\/kulmasalonki.fi\/#\/schema\/logo\/image\/\",\"url\":\"https:\/\/kulmasalonki.fi\/wp-content\/uploads\/2020\/08\/cropped-cropped-pieni-kulmasalonki-logo-RGB-PNG-file-400x400px-WEB-2.png\",\"contentUrl\":\"https:\/\/kulmasalonki.fi\/wp-content\/uploads\/2020\/08\/cropped-cropped-pieni-kulmasalonki-logo-RGB-PNG-file-400x400px-WEB-2.png\",\"width\":512,\"height\":512,\"caption\":\"Pieni Kulmasalonki\"},\"image\":{\"@id\":\"https:\/\/kulmasalonki.fi\/#\/schema\/logo\/image\/\"},\"sameAs\":[\"https:\/\/www.facebook.com\/PieniKulmasalonki\",\"https:\/\/www.instagram.com\/pienikulmasalonki\/\"]}]}<\/script>\n<!-- \/ Yoast SEO plugin. -->","yoast_head_json":{"title":"LAHJAKORTIT - Pieni Kulmasalonki","robots":{"index":"index","follow":"follow","max-snippet":"max-snippet:-1","max-image-preview":"max-image-preview:large","max-video-preview":"max-video-preview:-1"},"canonical":"https:\/\/kulmasalonki.fi\/en\/lahjakortit\/","og_locale":"en_GB","og_type":"article","og_title":"LAHJAKORTIT - Pieni Kulmasalonki","og_description":"Lahjakortit Paras tapa muistaa l\u00e4heist\u00e4si, on antaa lahjakortti Pieneen Kulmasalonkiin! Lahjakortti voidaan kirjoittaa joko tiettyyn hoitoon tai summalle. Lahjakortin voi k\u00e4ytt\u00e4\u00e4 my\u00f6s tuoteostoihin. Voit ostaa lahjakortin suoraan nettisivuiltamme s\u00e4hk\u00f6isesti tai paikan p\u00e4\u00e4ll\u00e4 Pieness\u00e4 Kulmasalongissa. S\u00e4hk\u00f6isen lahjakortin voit tilata alla olevasta verkkokaupasta ja mukana saat tulostettavan lahjakortin, jonka voit antaa lahjaksi. Noutaessasi lahjakortin Pienelt\u00e4 Kulmasalongilta, varmistathan [&hellip;]","og_url":"https:\/\/kulmasalonki.fi\/en\/lahjakortit\/","og_site_name":"Pieni Kulmasalonki","article_publisher":"https:\/\/www.facebook.com\/PieniKulmasalonki","article_modified_time":"2022-12-17T09:39:49+00:00","twitter_card":"summary_large_image","twitter_misc":{"Estimated reading time":"1 minute"},"schema":{"@context":"https:\/\/schema.org","@graph":[{"@type":"WebPage","@id":"https:\/\/kulmasalonki.fi\/lahjakortit\/","url":"https:\/\/kulmasalonki.fi\/lahjakortit\/","name":"LAHJAKORTIT - Pieni Kulmasalonki","isPartOf":{"@id":"https:\/\/kulmasalonki.fi\/#website"},"datePublished":"2020-09-04T10:20:19+00:00","dateModified":"2022-12-17T09:39:49+00:00","breadcrumb":{"@id":"https:\/\/kulmasalonki.fi\/lahjakortit\/#breadcrumb"},"inLanguage":"en-GB","potentialAction":[{"@type":"ReadAction","target":["https:\/\/kulmasalonki.fi\/lahjakortit\/"]}]},{"@type":"BreadcrumbList","@id":"https:\/\/kulmasalonki.fi\/lahjakortit\/#breadcrumb","itemListElement":[{"@type":"ListItem","position":1,"name":"Home","item":"https:\/\/kulmasalonki.fi\/"},{"@type":"ListItem","position":2,"name":"LAHJAKORTIT"}]},{"@type":"WebSite","@id":"https:\/\/kulmasalonki.fi\/#website","url":"https:\/\/kulmasalonki.fi\/","name":"Pieni Kulmasalonki | Kaikki palvelut saman katon alta!","description":"Kauneushoitola, Parturi-Kampaamo &amp; Hieroja &ndash; Espoon Lepp&auml;vaarassa","publisher":{"@id":"https:\/\/kulmasalonki.fi\/#organization"},"potentialAction":[{"@type":"SearchAction","target":{"@type":"EntryPoint","urlTemplate":"https:\/\/kulmasalonki.fi\/?s={search_term_string}"},"query-input":{"@type":"PropertyValueSpecification","valueRequired":true,"valueName":"search_term_string"}}],"inLanguage":"en-GB"},{"@type":"Organization","@id":"https:\/\/kulmasalonki.fi\/#organization","name":"Pieni Kulmasalonki","url":"https:\/\/kulmasalonki.fi\/","logo":{"@type":"ImageObject","inLanguage":"en-GB","@id":"https:\/\/kulmasalonki.fi\/#\/schema\/logo\/image\/","url":"https:\/\/kulmasalonki.fi\/wp-content\/uploads\/2020\/08\/cropped-cropped-pieni-kulmasalonki-logo-RGB-PNG-file-400x400px-WEB-2.png","contentUrl":"https:\/\/kulmasalonki.fi\/wp-content\/uploads\/2020\/08\/cropped-cropped-pieni-kulmasalonki-logo-RGB-PNG-file-400x400px-WEB-2.png","width":512,"height":512,"caption":"Pieni Kulmasalonki"},"image":{"@id":"https:\/\/kulmasalonki.fi\/#\/schema\/logo\/image\/"},"sameAs":["https:\/\/www.facebook.com\/PieniKulmasalonki","https:\/\/www.instagram.com\/pienikulmasalonki\/"]}]}},"_links":{"self":[{"href":"https:\/\/kulmasalonki.fi\/en\/wp-json\/wp\/v2\/pages\/1086"}],"collection":[{"href":"https:\/\/kulmasalonki.fi\/en\/wp-json\/wp\/v2\/pages"}],"about":[{"href":"https:\/\/kulmasalonki.fi\/en\/wp-json\/wp\/v2\/types\/page"}],"author":[{"embeddable":true,"href":"https:\/\/kulmasalonki.fi\/en\/wp-json\/wp\/v2\/users\/1"}],"replies":[{"embeddable":true,"href":"https:\/\/kulmasalonki.fi\/en\/wp-json\/wp\/v2\/comments?post=1086"}],"version-history":[{"count":0,"href":"https:\/\/kulmasalonki.fi\/en\/wp-json\/wp\/v2\/pages\/1086\/revisions"}],"wp:attachment":[{"href":"https:\/\/kulmasalonki.fi\/en\/wp-json\/wp\/v2\/media?parent=1086"}],"curies":[{"name":"wp","href":"https:\/\/api.w.org\/{rel}","templated":true}]}}